{"id":7415,"date":"2023-02-07T13:56:43","date_gmt":"2023-02-07T12:56:43","guid":{"rendered":"https:\/\/new.cloudandheat.com\/?page_id=7415"},"modified":"2026-04-16T21:23:23","modified_gmt":"2026-04-16T19:23:23","slug":"imprint","status":"publish","type":"page","link":"https:\/\/effiziente-it-infrastruktur.de\/en\/impressum\/","title":{"rendered":"Imprint"},"content":{"rendered":"<div data-elementor-type=\"wp-page\" data-elementor-id=\"7415\" class=\"elementor elementor-7415\" data-elementor-post-type=\"page\">\n\t\t\t\t\t\t<section class=\"elementor-section elementor-top-section elementor-element elementor-element-d7e5178 elementor-section-boxed elementor-section-height-default elementor-section-height-default\" data-id=\"d7e5178\" data-element_type=\"section\" data-e-type=\"section\">\n\t\t\t\t\t\t<div class=\"elementor-container elementor-column-gap-default\">\n\t\t\t\t\t<div class=\"elementor-column elementor-col-100 elementor-top-column elementor-element elementor-element-1d683db\" data-id=\"1d683db\" data-element_type=\"column\" data-e-type=\"column\">\n\t\t\t<div class=\"elementor-widget-wrap elementor-element-populated\">\n\t\t\t\t\t\t<div class=\"elementor-element elementor-element-ecfd9b0 elementor-widget elementor-widget-heading\" data-id=\"ecfd9b0\" data-element_type=\"widget\" data-e-type=\"widget\" data-widget_type=\"heading.default\">\n\t\t\t\t<div class=\"elementor-widget-container\">\n\t\t\t\t\t<h2 class=\"elementor-heading-title elementor-size-default\">Imprint<\/h2>\t\t\t\t<\/div>\n\t\t\t\t<\/div>\n\t\t\t\t\t<\/div>\n\t\t<\/div>\n\t\t\t\t\t<\/div>\n\t\t<\/section>\n\t\t\t\t<section class=\"elementor-section elementor-top-section elementor-element elementor-element-9833a68 elementor-section-boxed elementor-section-height-default elementor-section-height-default\" data-id=\"9833a68\" data-element_type=\"section\" data-e-type=\"section\">\n\t\t\t\t\t\t<div class=\"elementor-container elementor-column-gap-default\">\n\t\t\t\t\t<div class=\"elementor-column elementor-col-100 elementor-top-column elementor-element elementor-element-eb400fa\" data-id=\"eb400fa\" data-element_type=\"column\" data-e-type=\"column\">\n\t\t\t<div class=\"elementor-widget-wrap elementor-element-populated\">\n\t\t\t\t\t\t<div class=\"elementor-element elementor-element-9e22603 elementor-widget elementor-widget-text-editor\" data-id=\"9e22603\" data-element_type=\"widget\" data-e-type=\"widget\" data-widget_type=\"text-editor.default\">\n\t\t\t\t<div class=\"elementor-widget-container\">\n\t\t\t\t\t\t\t\t\t<p>Information according to \u00a7 5 DDG<\/p><p>Cloud&amp;Heat Technologies GmbH<br \/>Zeitenstr\u00f6mung - Halle 15<br \/>K\u00f6nigsbr\u00fccker Str. 96<br \/>01099 Dresden, Germany<\/p><p>Phone: +49 351 479 367 00<br \/>E-mail: <a href=\"mailto:info@cloudandheat.com\" target=\"_blank\" rel=\"noopener\">info@cloudandheat.com<\/a><br \/>Web:\u00a0<a href=\"https:\/\/www.cloudandheat.com\/imprint\/\" rel=\"noopener\">https:\/\/www.cloudandheat.com<\/a><\/p><p>Local Court Dresden: HRB 30549<br \/>Sales tax identification number: DE281093504<br \/>Managing Director: Nicolas R\u00f6hrs<br \/>Authorised signatory: Dr Marius Feldmann<\/p><p>Responsible for the content according to \u00a7 55 paragraph 2 RStV: Nicolas R\u00f6hrs<\/p><p>Online dispute resolution pursuant to Art. 14 (1) ODR Regulation: The European Commission provides a platform for online dispute resolution (ODR), which you can find at http:\/\/ec.europa.eu\/consumers\/odr\/.<\/p><p>Notice pursuant to \u00a7 36 Consumer Dispute Settlement Act (VSBG): The Seller will not participate in any dispute resolution proceedings before a consumer arbitration board within the meaning of the VSBG and is not obliged to do so.<\/p>\t\t\t\t\t\t\t\t<\/div>\n\t\t\t\t<\/div>\n\t\t\t\t<div class=\"elementor-element elementor-element-1e9ec47 elementor-widget elementor-widget-text-editor\" data-id=\"1e9ec47\" data-element_type=\"widget\" data-e-type=\"widget\" data-widget_type=\"text-editor.default\">\n\t\t\t\t<div class=\"elementor-widget-container\">\n\t\t\t\t\t\t\t\t\t<p><b>Editorial responsibility:<\/b><\/p><p>Franziska Feldmann<\/p>\t\t\t\t\t\t\t\t<\/div>\n\t\t\t\t<\/div>\n\t\t\t\t\t<\/div>\n\t\t<\/div>\n\t\t\t\t\t<\/div>\n\t\t<\/section>\n\t\t\t\t<\/div>","protected":false},"excerpt":{"rendered":"<p>Information according to \u00a7 5 DDG Cloud&amp;Heat Technologies GmbHZeitenstr\u00f6mung - Halle 15K\u00f6nigsbr\u00fccker Str. 9601099 Dresden, Germany Phone: +49 351 479 367 00E-mail: info@cloudandheat.comWeb: https:\/\/www.cloudandheat.com Local court Dresden: HRB 30549VAT identification number: DE281093504Managing director: Nicolas R\u00f6hrsAuthorised signatory: Dr....<\/p>","protected":false},"author":2,"featured_media":0,"parent":0,"menu_order":5,"comment_status":"closed","ping_status":"closed","template":"elementor_header_footer","meta":{"_acf_changed":false,"inline_featured_image":false,"footnotes":""},"class_list":["post-7415","page","type-page","status-publish","hentry"],"acf":[],"yoast_head":"<!-- This site is optimized with the Yoast SEO plugin v27.2 - https:\/\/yoast.com\/product\/yoast-seo-wordpress\/ -->\n<title>Cloud&amp;Heat | Impressum<\/title>\n<meta name=\"description\" content=\"Cloud&amp;Heat Technologies | Zeitenstr\u00f6mung \u2013 Halle 15 | K\u00f6nigsbr\u00fccker Str. 96 | 01099 Dresden | Telefon: +49 351 479 367 00 | Fax: +49 351 479 367 10 | E-Mail: info@cloudandheat.com | Web: https:\/\/effiziente-it-infrastruktur.de\" \/>\n<meta name=\"robots\" content=\"index, follow, max-snippet:-1, max-image-preview:large, max-video-preview:-1\" \/>\n<link rel=\"canonical\" href=\"https:\/\/effiziente-it-infrastruktur.de\/en\/imprint\/\" \/>\n<meta property=\"og:locale\" content=\"en_GB\" \/>\n<meta property=\"og:type\" content=\"article\" \/>\n<meta property=\"og:title\" content=\"Cloud&amp;Heat | Impressum\" \/>\n<meta property=\"og:description\" content=\"Cloud&amp;Heat Technologies | Zeitenstr\u00f6mung \u2013 Halle 15 | K\u00f6nigsbr\u00fccker Str. 96 | 01099 Dresden | Telefon: +49 351 479 367 00 | Fax: +49 351 479 367 10 | E-Mail: info@cloudandheat.com | Web: https:\/\/effiziente-it-infrastruktur.de\" \/>\n<meta property=\"og:url\" content=\"https:\/\/effiziente-it-infrastruktur.de\/en\/imprint\/\" \/>\n<meta property=\"og:site_name\" content=\"Cloud &amp; Heat\" \/>\n<meta property=\"article:publisher\" content=\"https:\/\/www.facebook.com\/CloudandHeat\" \/>\n<meta property=\"article:modified_time\" content=\"2026-04-16T19:23:23+00:00\" \/>\n<meta property=\"og:image\" content=\"https:\/\/effiziente-it-infrastruktur.de\/wp-content\/uploads\/2022\/08\/bg_dresden.jpg\" \/>\n\t<meta property=\"og:image:width\" content=\"1920\" \/>\n\t<meta property=\"og:image:height\" content=\"1280\" \/>\n\t<meta property=\"og:image:type\" content=\"image\/jpeg\" \/>\n<meta name=\"twitter:card\" content=\"summary_large_image\" \/>\n<meta name=\"twitter:site\" content=\"@cloudandheat\" \/>\n<meta name=\"twitter:label1\" content=\"Estimated reading time\" \/>\n\t<meta name=\"twitter:data1\" content=\"1 minute\" \/>\n<script type=\"application\/ld+json\" class=\"yoast-schema-graph\">{\"@context\":\"https:\/\/schema.org\",\"@graph\":[{\"@type\":\"WebPage\",\"@id\":\"https:\/\/effiziente-it-infrastruktur.de\/impressum\/\",\"url\":\"https:\/\/effiziente-it-infrastruktur.de\/impressum\/\",\"name\":\"Cloud&Heat | Impressum\",\"isPartOf\":{\"@id\":\"https:\/\/www.cloudandheat.com\/#website\"},\"datePublished\":\"2023-02-07T12:56:43+00:00\",\"dateModified\":\"2026-04-16T19:23:23+00:00\",\"description\":\"Cloud&Heat Technologies | Zeitenstr\u00f6mung \u2013 Halle 15 | K\u00f6nigsbr\u00fccker Str. 96 | 01099 Dresden | Telefon: +49 351 479 367 00 | Fax: +49 351 479 367 10 | E-Mail: info@cloudandheat.com | Web: https:\/\/effiziente-it-infrastruktur.de\",\"breadcrumb\":{\"@id\":\"https:\/\/effiziente-it-infrastruktur.de\/impressum\/#breadcrumb\"},\"inLanguage\":\"en-GB\",\"potentialAction\":[{\"@type\":\"ReadAction\",\"target\":[\"https:\/\/effiziente-it-infrastruktur.de\/impressum\/\"]}]},{\"@type\":\"BreadcrumbList\",\"@id\":\"https:\/\/effiziente-it-infrastruktur.de\/impressum\/#breadcrumb\",\"itemListElement\":[{\"@type\":\"ListItem\",\"position\":1,\"name\":\"Startseite\",\"item\":\"https:\/\/effiziente-it-infrastruktur.de\/\"},{\"@type\":\"ListItem\",\"position\":2,\"name\":\"Impressum\"}]},{\"@type\":\"WebSite\",\"@id\":\"https:\/\/www.cloudandheat.com\/#website\",\"url\":\"https:\/\/www.cloudandheat.com\/\",\"name\":\"Cloud & Heat Technolgies GmbH\",\"description\":\"Cloud-Service- und Cloud-Technologie-Provider\",\"publisher\":{\"@id\":\"https:\/\/www.cloudandheat.com\/#organization\"},\"alternateName\":\"Cloud and Heat Technologies GmbH\",\"potentialAction\":[{\"@type\":\"SearchAction\",\"target\":{\"@type\":\"EntryPoint\",\"urlTemplate\":\"https:\/\/www.cloudandheat.com\/?s={search_term_string}\"},\"query-input\":{\"@type\":\"PropertyValueSpecification\",\"valueRequired\":true,\"valueName\":\"search_term_string\"}}],\"inLanguage\":\"en-GB\"},{\"@type\":\"Organization\",\"@id\":\"https:\/\/www.cloudandheat.com\/#organization\",\"name\":\"Cloud&Heat Technologies GmbH\",\"url\":\"https:\/\/www.cloudandheat.com\/\",\"logo\":{\"@type\":\"ImageObject\",\"inLanguage\":\"en-GB\",\"@id\":\"https:\/\/www.cloudandheat.com\/#\/schema\/logo\/image\/\",\"url\":\"https:\/\/effiziente-it-infrastruktur.de\/wp-content\/uploads\/2022\/08\/logo.svg\",\"contentUrl\":\"https:\/\/effiziente-it-infrastruktur.de\/wp-content\/uploads\/2022\/08\/logo.svg\",\"width\":907,\"height\":1782,\"caption\":\"Cloud&Heat Technologies GmbH\"},\"image\":{\"@id\":\"https:\/\/www.cloudandheat.com\/#\/schema\/logo\/image\/\"},\"sameAs\":[\"https:\/\/www.facebook.com\/CloudandHeat\",\"https:\/\/x.com\/cloudandheat\"]}]}<\/script>\n<!-- \/ Yoast SEO plugin. -->","yoast_head_json":{"title":"Cloud&amp;Heat | Imprint","description":"Cloud&Heat Technologies | Zeitenstr\u00f6mung \u2013 Halle 15 | K\u00f6nigsbr\u00fccker Str. 96 | 01099 Dresden | Telefon: +49 351 479 367 00 | Fax: +49 351 479 367 10 | E-Mail: info@cloudandheat.com | Web: https:\/\/effiziente-it-infrastruktur.de","robots":{"index":"index","follow":"follow","max-snippet":"max-snippet:-1","max-image-preview":"max-image-preview:large","max-video-preview":"max-video-preview:-1"},"canonical":"https:\/\/effiziente-it-infrastruktur.de\/en\/imprint\/","og_locale":"en_GB","og_type":"article","og_title":"Cloud&Heat | Impressum","og_description":"Cloud&Heat Technologies | Zeitenstr\u00f6mung \u2013 Halle 15 | K\u00f6nigsbr\u00fccker Str. 96 | 01099 Dresden | Telefon: +49 351 479 367 00 | Fax: +49 351 479 367 10 | E-Mail: info@cloudandheat.com | Web: https:\/\/effiziente-it-infrastruktur.de","og_url":"https:\/\/effiziente-it-infrastruktur.de\/en\/imprint\/","og_site_name":"Cloud &amp; Heat","article_publisher":"https:\/\/www.facebook.com\/CloudandHeat","article_modified_time":"2026-04-16T19:23:23+00:00","og_image":[{"width":1920,"height":1280,"url":"https:\/\/effiziente-it-infrastruktur.de\/wp-content\/uploads\/2022\/08\/bg_dresden.jpg","type":"image\/jpeg"}],"twitter_card":"summary_large_image","twitter_site":"@cloudandheat","twitter_misc":{"Estimated reading time":"1 minute"},"schema":{"@context":"https:\/\/schema.org","@graph":[{"@type":"WebPage","@id":"https:\/\/effiziente-it-infrastruktur.de\/impressum\/","url":"https:\/\/effiziente-it-infrastruktur.de\/impressum\/","name":"Cloud&amp;Heat | Imprint","isPartOf":{"@id":"https:\/\/www.cloudandheat.com\/#website"},"datePublished":"2023-02-07T12:56:43+00:00","dateModified":"2026-04-16T19:23:23+00:00","description":"Cloud&Heat Technologies | Zeitenstr\u00f6mung \u2013 Halle 15 | K\u00f6nigsbr\u00fccker Str. 96 | 01099 Dresden | Telefon: +49 351 479 367 00 | Fax: +49 351 479 367 10 | E-Mail: info@cloudandheat.com | Web: https:\/\/effiziente-it-infrastruktur.de","breadcrumb":{"@id":"https:\/\/effiziente-it-infrastruktur.de\/impressum\/#breadcrumb"},"inLanguage":"en-GB","potentialAction":[{"@type":"ReadAction","target":["https:\/\/effiziente-it-infrastruktur.de\/impressum\/"]}]},{"@type":"BreadcrumbList","@id":"https:\/\/effiziente-it-infrastruktur.de\/impressum\/#breadcrumb","itemListElement":[{"@type":"ListItem","position":1,"name":"Startseite","item":"https:\/\/effiziente-it-infrastruktur.de\/"},{"@type":"ListItem","position":2,"name":"Impressum"}]},{"@type":"WebSite","@id":"https:\/\/www.cloudandheat.com\/#website","url":"https:\/\/www.cloudandheat.com\/","name":"Cloud &amp; Heat Technolgies GmbH","description":"Cloud service and cloud technology providers","publisher":{"@id":"https:\/\/www.cloudandheat.com\/#organization"},"alternateName":"Cloud and Heat Technologies GmbH","potentialAction":[{"@type":"SearchAction","target":{"@type":"EntryPoint","urlTemplate":"https:\/\/www.cloudandheat.com\/?s={search_term_string}"},"query-input":{"@type":"PropertyValueSpecification","valueRequired":true,"valueName":"search_term_string"}}],"inLanguage":"en-GB"},{"@type":"Organization","@id":"https:\/\/www.cloudandheat.com\/#organization","name":"Cloud&amp;Heat Technologies GmbH","url":"https:\/\/www.cloudandheat.com\/","logo":{"@type":"ImageObject","inLanguage":"en-GB","@id":"https:\/\/www.cloudandheat.com\/#\/schema\/logo\/image\/","url":"https:\/\/effiziente-it-infrastruktur.de\/wp-content\/uploads\/2022\/08\/logo.svg","contentUrl":"https:\/\/effiziente-it-infrastruktur.de\/wp-content\/uploads\/2022\/08\/logo.svg","width":907,"height":1782,"caption":"Cloud&Heat Technologies GmbH"},"image":{"@id":"https:\/\/www.cloudandheat.com\/#\/schema\/logo\/image\/"},"sameAs":["https:\/\/www.facebook.com\/CloudandHeat","https:\/\/x.com\/cloudandheat"]}]}},"_links":{"self":[{"href":"https:\/\/effiziente-it-infrastruktur.de\/en\/wp-json\/wp\/v2\/pages\/7415","targetHints":{"allow":["GET"]}}],"collection":[{"href":"https:\/\/effiziente-it-infrastruktur.de\/en\/wp-json\/wp\/v2\/pages"}],"about":[{"href":"https:\/\/effiziente-it-infrastruktur.de\/en\/wp-json\/wp\/v2\/types\/page"}],"author":[{"embeddable":true,"href":"https:\/\/effiziente-it-infrastruktur.de\/en\/wp-json\/wp\/v2\/users\/2"}],"replies":[{"embeddable":true,"href":"https:\/\/effiziente-it-infrastruktur.de\/en\/wp-json\/wp\/v2\/comments?post=7415"}],"version-history":[{"count":4,"href":"https:\/\/effiziente-it-infrastruktur.de\/en\/wp-json\/wp\/v2\/pages\/7415\/revisions"}],"predecessor-version":[{"id":17818,"href":"https:\/\/effiziente-it-infrastruktur.de\/en\/wp-json\/wp\/v2\/pages\/7415\/revisions\/17818"}],"wp:attachment":[{"href":"https:\/\/effiziente-it-infrastruktur.de\/en\/wp-json\/wp\/v2\/media?parent=7415"}],"curies":[{"name":"wp","href":"https:\/\/api.w.org\/{rel}","templated":true}]}}